{"id":262,"date":"2018-01-22T10:20:41","date_gmt":"2018-01-22T14:20:41","guid":{"rendered":"http:\/\/ayuntamiento.o\/transparencia\/?page_id=262"},"modified":"2021-02-25T11:22:34","modified_gmt":"2021-02-25T15:22:34","slug":"formulario-de-solicitud-de-informacion","status":"publish","type":"page","link":"https:\/\/juntadistritalelrubio.gob.do\/transparencia\/formulario-de-solicitud-de-informacion\/","title":{"rendered":"Formulario de solicitud de Informaci\u00f3n"},"content":{"rendered":"<div class=\"iframe-saip\" style=\"text-align: center\">\n<p><img loading=\"lazy\" width=\"900\" height=\"364\" class=\"alignnone size-full wp-image-438\" src=\"http:\/\/juntadistritalelrubio.gob.do\/transparencia\/wp-content\/uploads\/2021\/02\/saip.jpg\" alt=\"\" srcset=\"https:\/\/juntadistritalelrubio.gob.do\/transparencia\/wp-content\/uploads\/2021\/02\/saip.jpg 900w, https:\/\/juntadistritalelrubio.gob.do\/transparencia\/wp-content\/uploads\/2021\/02\/saip-250x101.jpg 250w, https:\/\/juntadistritalelrubio.gob.do\/transparencia\/wp-content\/uploads\/2021\/02\/saip-768x311.jpg 768w, https:\/\/juntadistritalelrubio.gob.do\/transparencia\/wp-content\/uploads\/2021\/02\/saip-700x283.jpg 700w, https:\/\/juntadistritalelrubio.gob.do\/transparencia\/wp-content\/uploads\/2021\/02\/saip-120x49.jpg 120w\" sizes=\"(max-width: 900px) 100vw, 900px\" \/>A trav\u00e9s de este sistema los ciudadanos pueden realizar sus solicitudes de acceso a la informaci\u00f3n p\u00fablica de forma f\u00e1cil, \u00e1gil y desde cualquier punto de la geograf\u00eda nacional o mundial, salvando con esto los costos de traslado, y acercando por ende el Estado a la sociedad a trav\u00e9s del uso intensivo de las tecnolog\u00edas de la informaci\u00f3n y comunicaci\u00f3n, facilitando el control social, la transparencia, la participaci\u00f3n y colaboraci\u00f3n ciudadanas.<\/p>\n<p><a href=\"https:\/\/www.saip.gob.do\/apps\/sip\/?step=three&amp;organization=gobiernos\" target=\"_blank\" rel=\"noopener\">Realiza la solicitud en linea\u00a0Clic Aqu\u00ed\u00a0<\/a><\/p>\n<p><span style=\"font-size: 18pt;color: #339966\"><a style=\"color: #339966\" href=\"http:\/\/juntadistritalelrubio.gob.do\/transparencia\/wp-content\/uploads\/2021\/02\/Formulario-Solicitud-de-Informacion-RAI-JDELRUBIO.pdf\" target=\"_blank\" rel=\"noopener\">Formulario Solicitud de Informaci\u00f3n RAI JDELRUBIO<\/a><\/span><\/p>\n<\/div>\n","protected":false},"excerpt":{"rendered":"A trav\u00e9s de este sistema los ciudadanos pueden realizar sus solicitudes de acceso a la informaci\u00f3n p\u00fablica de forma f\u00e1cil, \u00e1gil y desde cualquier punto de la geograf\u00eda nacional o mundial, salvando con esto los costos de traslado, y acercando por ende el Estado a la sociedad a trav\u00e9s del uso intensivo de las tecnolog\u00edas&#8230;","protected":false},"author":4,"featured_media":0,"parent":0,"menu_order":0,"comment_status":"closed","ping_status":"closed","template":"","meta":[],"_links":{"self":[{"href":"https:\/\/juntadistritalelrubio.gob.do\/transparencia\/wp-json\/wp\/v2\/pages\/262"}],"collection":[{"href":"https:\/\/juntadistritalelrubio.gob.do\/transparencia\/wp-json\/wp\/v2\/pages"}],"about":[{"href":"https:\/\/juntadistritalelrubio.gob.do\/transparencia\/wp-json\/wp\/v2\/types\/page"}],"author":[{"embeddable":true,"href":"https:\/\/juntadistritalelrubio.gob.do\/transparencia\/wp-json\/wp\/v2\/users\/4"}],"replies":[{"embeddable":true,"href":"https:\/\/juntadistritalelrubio.gob.do\/transparencia\/wp-json\/wp\/v2\/comments?post=262"}],"version-history":[{"count":8,"href":"https:\/\/juntadistritalelrubio.gob.do\/transparencia\/wp-json\/wp\/v2\/pages\/262\/revisions"}],"predecessor-version":[{"id":440,"href":"https:\/\/juntadistritalelrubio.gob.do\/transparencia\/wp-json\/wp\/v2\/pages\/262\/revisions\/440"}],"wp:attachment":[{"href":"https:\/\/juntadistritalelrubio.gob.do\/transparencia\/wp-json\/wp\/v2\/media?parent=262"}],"curies":[{"name":"wp","href":"https:\/\/api.w.org\/{rel}","templated":true}]}}