{"id":258,"date":"2018-01-22T10:17:40","date_gmt":"2018-01-22T14:17:40","guid":{"rendered":"http:\/\/ayuntamiento.o\/transparencia\/?page_id=258"},"modified":"2025-04-22T10:47:55","modified_gmt":"2025-04-22T14:47:55","slug":"responsable-de-acceso-a-la-informacion","status":"publish","type":"page","link":"https:\/\/juntadistritalelrubio.gob.do\/transparencia\/responsable-de-acceso-a-la-informacion\/","title":{"rendered":"Responsable de Acceso a la Informaci\u00f3n"},"content":{"rendered":"\n<div class=\"wp-container-5 wp-block-columns has-background\" style=\"background-color:#00d184bd\">\n<div class=\"wp-container-1 wp-block-column\" style=\"flex-basis:66.66%\">\n<figure class=\"wp-block-image size-large\"><img loading=\"lazy\" width=\"700\" height=\"700\" src=\"http:\/\/juntadistritalelrubio.gob.do\/transparencia\/wp-content\/uploads\/2025\/02\/2-700x700.jpg\" alt=\"\" class=\"wp-image-1963\" srcset=\"https:\/\/juntadistritalelrubio.gob.do\/transparencia\/wp-content\/uploads\/2025\/02\/2-700x700.jpg 700w, https:\/\/juntadistritalelrubio.gob.do\/transparencia\/wp-content\/uploads\/2025\/02\/2-250x250.jpg 250w, https:\/\/juntadistritalelrubio.gob.do\/transparencia\/wp-content\/uploads\/2025\/02\/2-150x150.jpg 150w, https:\/\/juntadistritalelrubio.gob.do\/transparencia\/wp-content\/uploads\/2025\/02\/2-768x768.jpg 768w, https:\/\/juntadistritalelrubio.gob.do\/transparencia\/wp-content\/uploads\/2025\/02\/2-120x120.jpg 120w, https:\/\/juntadistritalelrubio.gob.do\/transparencia\/wp-content\/uploads\/2025\/02\/2.jpg 1080w\" sizes=\"(max-width: 700px) 100vw, 700px\" \/><\/figure>\n<\/div>\n\n\n\n<div class=\"wp-container-4 wp-block-column\" style=\"flex-basis:33.33%\">\n<div class=\"wp-container-3 wp-block-columns\">\n<div class=\"wp-container-2 wp-block-column\">\n<h2><strong>Responsable de Acceso a la Informaci\u00f3n Distrital (RAIM)<\/strong><\/h2>\n\n\n\n<p class=\"has-medium-font-size\">Mes De Marzo 2025<\/p>\n<p class=\"has-medium-font-size\"><strong>Sra. Yakaira Altagracia Rodr\u00edguez<\/strong><\/p>\n<\/div>\n<\/div>\n<\/div>\n<\/div>\n\n\n\n<hr class=\"wp-block-separator has-alpha-channel-opacity is-style-wide\" \/>\n\n\n\n<div class=\"wp-container-15 wp-block-columns\">\n<div class=\"wp-container-14 wp-block-column has-white-background-color has-background\">\n<h2>Contacto Responsable de la oficina de libre Acceso a la&nbsp; Informaci\u00f3n P\u00fablica<\/h2>\n\n\n\n<p><strong>Tel\u00e9fono.<\/strong>:\u00a0 (829) 862-6518 (809) 240-8202<br \/><strong>Correo electr\u00f3nico.:\u00a0 <a href=\"Jdm.el.rubio.oai@gmail.com\">Jdm.el.rubio.oai@gmail.com<\/a><\/strong><\/p>\n<p><strong>Correo electr\u00f3nico (JDM).:<\/strong>\u00a0<a href=\"http:\/\/E-Mail: juntadistritalelrubio@gmail.com\" data-wplink-url-error=\"true\">E-Mail: juntadistritalelrubio@gmail.com<\/a><\/p>\n<p><strong>Direcci\u00f3n.: <\/strong>Carretera Antonio Guzm\u00e1n No.SN, El Rubio, San Jos\u00e9 de las Matas, Santiago, Rep. Dom.<\/p>\n<hr \/>\n<h2>Oficina de libre acceso a la informaci\u00f3n\u00a0<span class=\"OYPEnA font-feature-liga-off font-feature-clig-off font-feature-calt-off text-decoration-none text-strikethrough-none\">El Rubio<\/span><\/h2>\n\n\n\n<div class=\"wp-container-9 wp-block-columns\">\n<div class=\"wp-container-6 wp-block-column\">\n<figure class=\"wp-block-image size-large\"><img loading=\"lazy\" width=\"700\" height=\"700\" src=\"http:\/\/juntadistritalelrubio.gob.do\/transparencia\/wp-content\/uploads\/2025\/02\/3-700x700.jpg\" alt=\"\" class=\"wp-image-1970\" srcset=\"https:\/\/juntadistritalelrubio.gob.do\/transparencia\/wp-content\/uploads\/2025\/02\/3-700x700.jpg 700w, https:\/\/juntadistritalelrubio.gob.do\/transparencia\/wp-content\/uploads\/2025\/02\/3-250x250.jpg 250w, https:\/\/juntadistritalelrubio.gob.do\/transparencia\/wp-content\/uploads\/2025\/02\/3-150x150.jpg 150w, https:\/\/juntadistritalelrubio.gob.do\/transparencia\/wp-content\/uploads\/2025\/02\/3-768x768.jpg 768w, https:\/\/juntadistritalelrubio.gob.do\/transparencia\/wp-content\/uploads\/2025\/02\/3-120x120.jpg 120w, https:\/\/juntadistritalelrubio.gob.do\/transparencia\/wp-content\/uploads\/2025\/02\/3.jpg 1080w\" sizes=\"(max-width: 700px) 100vw, 700px\" \/><\/figure>\n<\/div>\n\n\n\n<div class=\"wp-container-7 wp-block-column\">\n<figure class=\"wp-block-image size-large\"><img loading=\"lazy\" width=\"700\" height=\"700\" src=\"http:\/\/juntadistritalelrubio.gob.do\/transparencia\/wp-content\/uploads\/2025\/02\/2-1-700x700.jpg\" alt=\"\" class=\"wp-image-1969\" srcset=\"https:\/\/juntadistritalelrubio.gob.do\/transparencia\/wp-content\/uploads\/2025\/02\/2-1-700x700.jpg 700w, https:\/\/juntadistritalelrubio.gob.do\/transparencia\/wp-content\/uploads\/2025\/02\/2-1-250x250.jpg 250w, https:\/\/juntadistritalelrubio.gob.do\/transparencia\/wp-content\/uploads\/2025\/02\/2-1-150x150.jpg 150w, https:\/\/juntadistritalelrubio.gob.do\/transparencia\/wp-content\/uploads\/2025\/02\/2-1-768x768.jpg 768w, https:\/\/juntadistritalelrubio.gob.do\/transparencia\/wp-content\/uploads\/2025\/02\/2-1-120x120.jpg 120w, https:\/\/juntadistritalelrubio.gob.do\/transparencia\/wp-content\/uploads\/2025\/02\/2-1.jpg 1080w\" sizes=\"(max-width: 700px) 100vw, 700px\" \/><\/figure>\n<\/div>\n\n\n\n<div class=\"wp-container-8 wp-block-column\">\n<figure class=\"wp-block-image size-large\"><img loading=\"lazy\" width=\"700\" height=\"700\" src=\"http:\/\/juntadistritalelrubio.gob.do\/transparencia\/wp-content\/uploads\/2025\/02\/1-700x700.jpg\" alt=\"\" class=\"wp-image-1968\" srcset=\"https:\/\/juntadistritalelrubio.gob.do\/transparencia\/wp-content\/uploads\/2025\/02\/1-700x700.jpg 700w, https:\/\/juntadistritalelrubio.gob.do\/transparencia\/wp-content\/uploads\/2025\/02\/1-250x250.jpg 250w, https:\/\/juntadistritalelrubio.gob.do\/transparencia\/wp-content\/uploads\/2025\/02\/1-150x150.jpg 150w, https:\/\/juntadistritalelrubio.gob.do\/transparencia\/wp-content\/uploads\/2025\/02\/1-768x768.jpg 768w, https:\/\/juntadistritalelrubio.gob.do\/transparencia\/wp-content\/uploads\/2025\/02\/1-120x120.jpg 120w, https:\/\/juntadistritalelrubio.gob.do\/transparencia\/wp-content\/uploads\/2025\/02\/1.jpg 1080w\" sizes=\"(max-width: 700px) 100vw, 700px\" \/><\/figure>\n<\/div>\n<\/div>\n\n\n\n<hr class=\"wp-block-separator has-alpha-channel-opacity is-style-wide\" \/>\n\n\n\n<div class=\"wp-container-13 wp-block-columns\">\n<div class=\"wp-container-10 wp-block-column\" style=\"flex-basis:66.66%\">\n<h2>Formulario de entrega de informaci\u00f3n<\/h2>\n<\/div>\n\n\n\n<div class=\"wp-container-12 wp-block-column\" style=\"flex-basis:33.33%\">\n<div class=\"wp-container-11 is-vertical is-content-justification-center wp-block-buttons\">\n<div class=\"wp-block-button\"><a class=\"wp-block-button__link\" href=\"https:\/\/juntadistritalelrubio.gob.do\/transparencia\/formulario-de-solicitud-de-informacion\/\" target=\"_blank\" rel=\"noreferrer noopener\">Descargar<\/a><\/div>\n<\/div>\n<\/div>\n<\/div>\n<\/div>\n<\/div>\n","protected":false},"excerpt":{"rendered":"Responsable de Acceso a la Informaci\u00f3n Distrital (RAIM) Mes De Marzo 2025 Sra. Yakaira Altagracia Rodr\u00edguez Contacto Responsable de la oficina de libre Acceso a la&nbsp; Informaci\u00f3n P\u00fablica Tel\u00e9fono.:\u00a0 (829) 862-6518 (809) 240-8202Correo electr\u00f3nico.:\u00a0 Jdm.el.rubio.oai@gmail.com Correo electr\u00f3nico (JDM).:\u00a0E-Mail: juntadistritalelrubio@gmail.com Direcci\u00f3n.: Carretera Antonio Guzm\u00e1n No.SN, El Rubio, San Jos\u00e9 de las Matas, Santiago, Rep. Dom. Oficina&#8230;","protected":false},"author":4,"featured_media":0,"parent":0,"menu_order":0,"comment_status":"closed","ping_status":"closed","template":"","meta":[],"_links":{"self":[{"href":"https:\/\/juntadistritalelrubio.gob.do\/transparencia\/wp-json\/wp\/v2\/pages\/258"}],"collection":[{"href":"https:\/\/juntadistritalelrubio.gob.do\/transparencia\/wp-json\/wp\/v2\/pages"}],"about":[{"href":"https:\/\/juntadistritalelrubio.gob.do\/transparencia\/wp-json\/wp\/v2\/types\/page"}],"author":[{"embeddable":true,"href":"https:\/\/juntadistritalelrubio.gob.do\/transparencia\/wp-json\/wp\/v2\/users\/4"}],"replies":[{"embeddable":true,"href":"https:\/\/juntadistritalelrubio.gob.do\/transparencia\/wp-json\/wp\/v2\/comments?post=258"}],"version-history":[{"count":12,"href":"https:\/\/juntadistritalelrubio.gob.do\/transparencia\/wp-json\/wp\/v2\/pages\/258\/revisions"}],"predecessor-version":[{"id":2036,"href":"https:\/\/juntadistritalelrubio.gob.do\/transparencia\/wp-json\/wp\/v2\/pages\/258\/revisions\/2036"}],"wp:attachment":[{"href":"https:\/\/juntadistritalelrubio.gob.do\/transparencia\/wp-json\/wp\/v2\/media?parent=258"}],"curies":[{"name":"wp","href":"https:\/\/api.w.org\/{rel}","templated":true}]}}